{"id":43922,"date":"2022-07-27T10:24:03","date_gmt":"2022-07-27T14:24:03","guid":{"rendered":"https:\/\/www.ppscanada.com\/quote\/"},"modified":"2025-04-29T14:28:39","modified_gmt":"2025-04-29T18:28:39","slug":"quote","status":"publish","type":"page","link":"https:\/\/www.ppscanada.com\/en\/quote\/","title":{"rendered":"Get a Quote"},"content":{"rendered":"<p>Our artist agency specializes in management and custom concepts, offering a wide variety of artists, singers, music groups, and singer-songwriters for all tastes and types of events! PPS CANADA is committed to assisting you in your search and advising you to offer an event that reflects your image! <\/p>\n","protected":false},"excerpt":{"rendered":"<p>Our artist agency specializes in management and custom concepts, offering a wide variety of artists, singers, music groups, and singer-songwriters for all tastes and types of events! PPS CANADA is committed to assisting you in your search and advising you to offer an event that reflects your image!<\/p>\n","protected":false},"author":13,"featured_media":0,"parent":0,"menu_order":7,"comment_status":"closed","ping_status":"closed","template":"page-soumission.php","meta":{"_acf_changed":false,"footnotes":""},"class_list":["post-43922","page","type-page","status-publish","hentry"],"acf":[],"yoast_head":"<!-- This site is optimized with the Yoast SEO plugin v27.1.1 - https:\/\/yoast.com\/product\/yoast-seo-wordpress\/ -->\n<title>Get a Quote | Fill Out the Form | PPS CANADA<\/title>\n<meta name=\"description\" content=\"PPS CANADA is committed to supporting its clients through every stage of their event. Our team advises with rigor and integrity.\" \/>\n<meta name=\"robots\" content=\"index, follow, max-snippet:-1, max-image-preview:large, max-video-preview:-1\" \/>\n<link rel=\"canonical\" href=\"https:\/\/www.ppscanada.com\/en\/quote\/\" \/>\n<meta property=\"og:locale\" content=\"en_US\" \/>\n<meta property=\"og:type\" content=\"article\" \/>\n<meta property=\"og:title\" content=\"Get a Quote | Fill Out the Form | PPS CANADA\" \/>\n<meta property=\"og:description\" content=\"PPS CANADA is committed to supporting its clients through every stage of their event. Our team advises with rigor and integrity.\" \/>\n<meta property=\"og:url\" content=\"https:\/\/www.ppscanada.com\/en\/quote\/\" \/>\n<meta property=\"og:site_name\" content=\"PPS CANADA\" \/>\n<meta property=\"article:publisher\" content=\"https:\/\/www.facebook.com\/agenceppscanada\" \/>\n<meta property=\"article:modified_time\" content=\"2025-04-29T18:28:39+00:00\" \/>\n<meta name=\"twitter:card\" content=\"summary_large_image\" \/>\n<script type=\"application\/ld+json\" class=\"yoast-schema-graph\">{\"@context\":\"https:\/\/schema.org\",\"@graph\":[{\"@type\":\"WebPage\",\"@id\":\"https:\/\/www.ppscanada.com\/en\/quote\/\",\"url\":\"https:\/\/www.ppscanada.com\/en\/quote\/\",\"name\":\"Get a Quote | Fill Out the Form | PPS CANADA\",\"isPartOf\":{\"@id\":\"https:\/\/www.ppscanada.com\/en\/#website\"},\"datePublished\":\"2022-07-27T14:24:03+00:00\",\"dateModified\":\"2025-04-29T18:28:39+00:00\",\"description\":\"PPS CANADA is committed to supporting its clients through every stage of their event. Our team advises with rigor and integrity.\",\"breadcrumb\":{\"@id\":\"https:\/\/www.ppscanada.com\/en\/quote\/#breadcrumb\"},\"inLanguage\":\"en-US\",\"potentialAction\":[{\"@type\":\"ReadAction\",\"target\":[\"https:\/\/www.ppscanada.com\/en\/quote\/\"]}]},{\"@type\":\"BreadcrumbList\",\"@id\":\"https:\/\/www.ppscanada.com\/en\/quote\/#breadcrumb\",\"itemListElement\":[{\"@type\":\"ListItem\",\"position\":1,\"name\":\"Home\",\"item\":\"https:\/\/www.ppscanada.com\/en\/\"},{\"@type\":\"ListItem\",\"position\":2,\"name\":\"Get a Quote\"}]},{\"@type\":\"WebSite\",\"@id\":\"https:\/\/www.ppscanada.com\/en\/#website\",\"url\":\"https:\/\/www.ppscanada.com\/en\/\",\"name\":\"PPS CANADA\",\"description\":\"Animation &amp; organisation d&#039;\u00e9v\u00e9nements au Qu\u00e9bec\",\"potentialAction\":[{\"@type\":\"SearchAction\",\"target\":{\"@type\":\"EntryPoint\",\"urlTemplate\":\"https:\/\/www.ppscanada.com\/en\/?s={search_term_string}\"},\"query-input\":{\"@type\":\"PropertyValueSpecification\",\"valueRequired\":true,\"valueName\":\"search_term_string\"}}],\"inLanguage\":\"en-US\"}]}<\/script>\n<!-- \/ Yoast SEO plugin. -->","yoast_head_json":{"title":"Get a Quote | Fill Out the Form | PPS CANADA","description":"PPS CANADA is committed to supporting its clients through every stage of their event. Our team advises with rigor and integrity.","robots":{"index":"index","follow":"follow","max-snippet":"max-snippet:-1","max-image-preview":"max-image-preview:large","max-video-preview":"max-video-preview:-1"},"canonical":"https:\/\/www.ppscanada.com\/en\/quote\/","og_locale":"en_US","og_type":"article","og_title":"Get a Quote | Fill Out the Form | PPS CANADA","og_description":"PPS CANADA is committed to supporting its clients through every stage of their event. Our team advises with rigor and integrity.","og_url":"https:\/\/www.ppscanada.com\/en\/quote\/","og_site_name":"PPS CANADA","article_publisher":"https:\/\/www.facebook.com\/agenceppscanada","article_modified_time":"2025-04-29T18:28:39+00:00","twitter_card":"summary_large_image","schema":{"@context":"https:\/\/schema.org","@graph":[{"@type":"WebPage","@id":"https:\/\/www.ppscanada.com\/en\/quote\/","url":"https:\/\/www.ppscanada.com\/en\/quote\/","name":"Get a Quote | Fill Out the Form | PPS CANADA","isPartOf":{"@id":"https:\/\/www.ppscanada.com\/en\/#website"},"datePublished":"2022-07-27T14:24:03+00:00","dateModified":"2025-04-29T18:28:39+00:00","description":"PPS CANADA is committed to supporting its clients through every stage of their event. Our team advises with rigor and integrity.","breadcrumb":{"@id":"https:\/\/www.ppscanada.com\/en\/quote\/#breadcrumb"},"inLanguage":"en-US","potentialAction":[{"@type":"ReadAction","target":["https:\/\/www.ppscanada.com\/en\/quote\/"]}]},{"@type":"BreadcrumbList","@id":"https:\/\/www.ppscanada.com\/en\/quote\/#breadcrumb","itemListElement":[{"@type":"ListItem","position":1,"name":"Home","item":"https:\/\/www.ppscanada.com\/en\/"},{"@type":"ListItem","position":2,"name":"Get a Quote"}]},{"@type":"WebSite","@id":"https:\/\/www.ppscanada.com\/en\/#website","url":"https:\/\/www.ppscanada.com\/en\/","name":"PPS CANADA","description":"Animation &amp; organisation d&#039;\u00e9v\u00e9nements au Qu\u00e9bec","potentialAction":[{"@type":"SearchAction","target":{"@type":"EntryPoint","urlTemplate":"https:\/\/www.ppscanada.com\/en\/?s={search_term_string}"},"query-input":{"@type":"PropertyValueSpecification","valueRequired":true,"valueName":"search_term_string"}}],"inLanguage":"en-US"}]}},"_links":{"self":[{"href":"https:\/\/www.ppscanada.com\/en\/wp-json\/wp\/v2\/pages\/43922","targetHints":{"allow":["GET"]}}],"collection":[{"href":"https:\/\/www.ppscanada.com\/en\/wp-json\/wp\/v2\/pages"}],"about":[{"href":"https:\/\/www.ppscanada.com\/en\/wp-json\/wp\/v2\/types\/page"}],"author":[{"embeddable":true,"href":"https:\/\/www.ppscanada.com\/en\/wp-json\/wp\/v2\/users\/13"}],"replies":[{"embeddable":true,"href":"https:\/\/www.ppscanada.com\/en\/wp-json\/wp\/v2\/comments?post=43922"}],"version-history":[{"count":1,"href":"https:\/\/www.ppscanada.com\/en\/wp-json\/wp\/v2\/pages\/43922\/revisions"}],"predecessor-version":[{"id":43976,"href":"https:\/\/www.ppscanada.com\/en\/wp-json\/wp\/v2\/pages\/43922\/revisions\/43976"}],"wp:attachment":[{"href":"https:\/\/www.ppscanada.com\/en\/wp-json\/wp\/v2\/media?parent=43922"}],"curies":[{"name":"wp","href":"https:\/\/api.w.org\/{rel}","templated":true}]}}